{"id":5,"date":"2019-05-21T09:14:54","date_gmt":"2019-05-21T07:14:54","guid":{"rendered":"http:\/\/www.begutachten.at\/?page_id=3"},"modified":"2019-10-23T07:47:14","modified_gmt":"2019-10-23T05:47:14","slug":"datenschutzerklaerung","status":"publish","type":"page","link":"http:\/\/www.begutachten.at\/?page_id=5","title":{"rendered":"Datenschutzerkl\u00e4rung"},"content":{"rendered":"\n<h3>Erkl\u00e4rung zur Informationspflicht<\/h3>\n\n\n\n<p>Die Adresse unserer Website ist: http:\/\/www.begutachten.at.<\/p>\n\n\n\n<p>Der Schutz Ihrer pers\u00f6nlichen Daten ist uns ein besonderes Anliegen. Wir verarbeiten Ihre Daten daher ausschlie\u00dflich auf Grundlage der gesetzlichen Bestimmungen (DSGVO, TKG 2003). In diesen Datenschutzinformationen informieren wir Sie \u00fcber die wichtigsten Aspekte der Datenverarbeitung im Rahmen unserer Website.<\/p>\n\n\n\n<h3>Kontakt mit uns<\/h3>\n\n\n\n<p>Wenn Sie per Formular auf der Website oder per E-Mail Kontakt mit uns aufnehmen, werden Ihre angegebenen Daten zwecks Bearbeitung der Anfrage und f\u00fcr den Fall von Anschlussfragen sechs Monate bei uns gespeichert. Diese Daten geben wir nicht ohne Ihre Einwilligung weiter.<\/p>\n\n\n\n<h3>Cookies<\/h3>\n\n\n\n<p>Unsere Website verwendet so genannte Cookies. Dabei handelt es sich um kleine Textdateien, die mit Hilfe des Browsers auf Ihrem Endger\u00e4t abgelegt werden. Sie richten keinen Schaden an. Wir nutzen Cookies dazu, unser Angebot nutzerfreundlich zu gestalten. Einige Cookies bleiben auf Ihrem Endger\u00e4t gespeichert, bis Sie diese l\u00f6schen. Sie erm\u00f6glichen es uns, Ihren Browser beim n\u00e4chsten Besuch wiederzuerkennen. Wenn Sie dies nicht w\u00fcnschen, so k\u00f6nnen Sie Ihren Browser so einrichten, dass er Sie \u00fcber das Setzen von Cookies informiert und Sie dies nur im Einzelfall erlauben. Bei der Deaktivierung von Cookies kann die Funktionalit\u00e4t unserer Website eingeschr\u00e4nkt sein.<\/p>\n\n\n\n<h3>Web-Analysedienste<\/h3>\n\n\n\n<p>Wenn du einen Kommentar schreibst, wird dieser inklusive Metadaten zeitlich unbegrenzt gespeichert. Auf diese Art k\u00f6nnen wir Folgekommentare automatisch erkennen und freigeben, anstelle sie in einer Moderations-Warteschlange festzuhalten.<\/p>\n\n\n\n<p>Unsere Website verwendet Funktionen des Webanalysedienstes Google Analytics. Anbieter ist die Google Inc., 1600 Amphitheatre Parkway Mountain View, CA 94043, USA. <\/p>\n\n\n\n<p>Google Analytics verwendet solche zielorientierten Cookies.<\/p>\n\n\n\n<p>Mehr Informationen zum Umgang mit Nutzerdaten bei Google Analytics finden Sie in der Datenschutzerkl\u00e4rung von Google: <a target=\"_blank\" href=\"https:\/\/support.google.com\/analytics\/answer\/6004245?hl=de\" rel=\"noreferrer noopener\">https:\/\/support.google.com\/analytics\/answer\/6004245?hl=de<\/a><\/p>\n\n\n\n<p>Sie k\u00f6nnen die Erfassung der durch das Cookie erzeugten und auf Ihre\n Nutzung der Website bezogenen Daten an Google sowie die Verarbeitung \ndieser Daten durch Google verhindern, indem Sie das unter dem folgenden \nLink verf\u00fcgbare Browser-Plugin herunterladen und installieren: <a target=\"_blank\" href=\"https:\/\/tools.google.com\/dlpage\/gaoptout?hl=de\" rel=\"noreferrer noopener\">https:\/\/tools.google.com\/dlpage\/gaoptout?hl=de<\/a><\/p>\n\n\n\n<p>Alternativ k\u00f6nnen Sie die Erfassung Ihrer Daten durch Google \nAnalytics verhindern, indem Sie auf folgenden Link klicken. Es wird ein \nOpt-Out-Cookie gesetzt, das die Erfassung Ihrer Daten bei zuk\u00fcnftigen \nBesuchen dieser Website verhindert. \n\t<\/p>\n\n\n\n<p>Dazu werden Cookies verwendet, die eine Analyse der Benutzung der Website durch Ihre Benutzer erm\u00f6glicht. Die dadurch erzeugten Informationen werden auf den Server des Anbieters \u00fcbertragen und dort gespeichert. <br>Sie k\u00f6nnen dies verhindern, indem Sie Ihren Browser so einrichten, dass keine Cookies gespeichert werden. <\/p>\n\n\n\n<p>Wir haben mit dem Anbieter einen entsprechenden Vertrag zur Auftragsdatenverarbeitung abgeschlossen.<br> {Nutzung von IP-Adressen auf Basis der Rechtsgrundlage \u201eberechtigtes Interesse\u201c; in diesem Fall wird eine Pseudonymisierung empfohlen:} Ihre IP-Adresse wird erfasst, aber umgehend [zB durch L\u00f6schung der letzten 8 Bit] pseudonymisiert. Dadurch ist nur mehr eine grobe Lokalisierung m\u00f6glich.<br><\/p>\n\n\n\n<h3>IP-Anonymisierung<\/h3>\n\n\n\n<p>Wir nutzen die Funktion &#8220;Aktivierung der IP-Anonymisierung&#8221; auf dieser  Webseite. Dadurch wird Ihre IP-Adresse von Google innerhalb von  Mitgliedstaaten der Europ\u00e4ischen Union oder in anderen Vertragsstaaten  des Abkommens \u00fcber den Europ\u00e4ischen Wirtschaftsraum zuvor gek\u00fcrzt. Nur in Ausnahmef\u00e4llen wird die volle IP-Adresse an einen Server von Google  in den USA \u00fcbertragen und dort gek\u00fcrzt. Im Auftrag des Betreibers dieser Website wird Google diese Informationen benutzen, um Ihre Nutzung der  Website auszuwerten, um Reports \u00fcber die Websiteaktivit\u00e4ten  zusammenzustellen und um weitere mit der Websitenutzung und der  Internetnutzung verbundene Dienstleistungen gegen\u00fcber dem  Websitebetreiber zu erbringen. Die im Rahmen von Google Analytics von  Ihrem Browser \u00fcbermittelte IP-Adresse wird nicht mit anderen Daten von  Google zusammengef\u00fchrt. <br> <\/p>\n\n\n\n<p>Die Datenverarbeitung erfolgt auf Basis der gesetzlichen Bestimmungen des \u00a7 96 Abs 3 TKG sowie des Art 6 Abs 1 lit a (Einwilligung) und\/oder f (berechtigtes Interesse) der DSGVO. <br>Unser Anliegen im Sinne der DSGVO ist die Verbesserung unseres Angebotes und unseres Webauftritts. Da uns die Privatsph\u00e4re unserer Nutzer wichtig ist, werden die Nutzerdaten pseudonymisier.<br>Die Nutzerdaten werden f\u00fcr die Dauer von 3 Monaten aufbewahrt.<\/p>\n\n\n\n<h2>Ihre Rechte<\/h2>\n\n\n\n<p>Ihnen stehen bez\u00fcglich Ihrer bei uns gespeicherten Daten grunds\u00e4tzlich die Rechte auf Auskunft, Berichtigung, L\u00f6schung, Einschr\u00e4nkung, Daten\u00fcbertragbarkeit, Widerruf und Widerspruch zu. Wenn Sie glauben, dass die Verarbeitung Ihrer Daten gegen das Datenschutzrecht verst\u00f6\u00dft oder Ihre datenschutzrechtlichen Anspr\u00fcche sonst in einer Weise verletzt worden sind, k\u00f6nnen Sie sich bei uns office@begutachten.at oder der Datenschutzbeh\u00f6rde beschweren.<\/p>\n\n\n\n<h2>Sie erreichen uns unter folgenden Kontaktdaten: <\/h2>\n\n\n\n<p>Christian Baier, allgemein beeideter und gerichtlich zertifizierter Sachverst\u00e4ndiger<br> A-2380 Perchtoldsdorf, Jakob Alt Stra\u00dfe 2<br> Mail: c.baier@kabsi.at<br> Mobil: +43 664\/520 66 31<\/p>\n","protected":false},"excerpt":{"rendered":"<p>Erkl\u00e4rung zur Informationspflicht Die Adresse unserer Website ist: http:\/\/www.begutachten.at. Der Schutz Ihrer pers\u00f6nlichen Daten ist uns ein besonderes Anliegen. Wir verarbeiten Ihre Daten daher ausschlie\u00dflich auf Grundlage der gesetzlichen Bestimmungen (DSGVO, TKG 2003). In diesen Datenschutzinformationen informieren wir Sie \u00fcber die wichtigsten Aspekte der Datenverarbeitung im Rahmen unserer Website. Kontakt mit uns Wenn Sie per &hellip; <\/p>\n<p class=\"link-more\"><a href=\"http:\/\/www.begutachten.at\/?page_id=5\" class=\"more-link\"><span class=\"screen-reader-text\">\u201eDatenschutzerkl\u00e4rung\u201c<\/span> weiterlesen<\/a><\/p>\n","protected":false},"author":1,"featured_media":0,"parent":0,"menu_order":0,"comment_status":"closed","ping_status":"open","template":"","meta":[],"_links":{"self":[{"href":"http:\/\/www.begutachten.at\/index.php?rest_route=\/wp\/v2\/pages\/5"}],"collection":[{"href":"http:\/\/www.begutachten.at\/index.php?rest_route=\/wp\/v2\/pages"}],"about":[{"href":"http:\/\/www.begutachten.at\/index.php?rest_route=\/wp\/v2\/types\/page"}],"author":[{"embeddable":true,"href":"http:\/\/www.begutachten.at\/index.php?rest_route=\/wp\/v2\/users\/1"}],"replies":[{"embeddable":true,"href":"http:\/\/www.begutachten.at\/index.php?rest_route=%2Fwp%2Fv2%2Fcomments&post=5"}],"version-history":[{"count":3,"href":"http:\/\/www.begutachten.at\/index.php?rest_route=\/wp\/v2\/pages\/5\/revisions"}],"predecessor-version":[{"id":855,"href":"http:\/\/www.begutachten.at\/index.php?rest_route=\/wp\/v2\/pages\/5\/revisions\/855"}],"wp:attachment":[{"href":"http:\/\/www.begutachten.at\/index.php?rest_route=%2Fwp%2Fv2%2Fmedia&parent=5"}],"curies":[{"name":"wp","href":"https:\/\/api.w.org\/{rel}","templated":true}]}}