{"id":121,"date":"2019-05-21T10:52:29","date_gmt":"2019-05-21T08:52:29","guid":{"rendered":"http:\/\/www.begutachten.at\/?page_id=121"},"modified":"2021-05-14T13:08:16","modified_gmt":"2021-05-14T11:08:16","slug":"leistungen","status":"publish","type":"page","link":"https:\/\/www.begutachten.at\/?page_id=121","title":{"rendered":"Leistungen"},"content":{"rendered":"\n<p><strong>F\u00fcr Leasinggeber<\/strong><br>Meine Arbeit umfasst die Dokumentation des Fahrzeugzustandes laut \u00d6-Norm V5080,  die Kalkulation von Wiederbeschaffungswert, Marktwert und H\u00e4ndlereinkaufswert. Von <br>Fahrzeugen, welche unfallbesch\u00e4digt sind, erstelle ich die Kalkulation von Schadensh\u00f6hen und eventuell erforderlichen Wartungen. Auch die Investitionen vor einem Wiederverkauf und die erforderlichen Instandsetzungen werden ebenfalls dokumentiert.<\/p>\n\n\n\n<p><strong>F\u00fcr Notare<\/strong><br>Ich erstelle Bewertungen und Gutachten jeglicher Art von KFZ und Fahrzeugen aller Arten.<br><\/p>\n\n\n\n<p><strong>F\u00fcr Privatpersonen<\/strong><br>Ich erstelle Bewertungen und Gutachten jeglicher Art von KFZ und Fahrzeugen aller Arten.<\/p>\n\n\n\n<p><strong>F\u00fcr Rechtsanw\u00e4lte<\/strong><br>Ich erstelle Gutachten f\u00fcr KFZ aller Art, wie PKW, LKW, \u2026. betreffend <\/p>\n\n\n\n<ul><li>die Reparaturkosten und Instandsetzungskosten.<\/li><li>die Pr\u00fcfung der Verkehrs- und Betriebssicherheit.<\/li><li>den Wiederbeschaffungswert, den Marktwert und auch den Mindesterl\u00f6s.<\/li><li>den Wert, den Zustand, die M\u00e4ngel und die Verkehrs- und Betriebssicherheit.  <\/li><li>die NoVA-Bemessungsgrundlage.<\/li><li>die Sonderumbauten, deren Wert sowie deren sach- und fachgerechte Ausf\u00fchrung.<\/li><li>die merkantile Wertminderung.<\/li><li>den objektiven Wrackwert.<\/li><li>die Transportsch\u00e4den von KFZ.<br>\nAu\u00dferdem begleite ich Restaurierungen und dokumentiere sie. <br>\nGutachten zu Vertr\u00e4gen und zur Gruppenfreistellungsverordnung \u2013 GVO verfasse ich selbstverst\u00e4ndlich auch.<\/li><\/ul>\n\n\n\n<p><strong>F\u00fcr Richter <\/strong><br>Ich erstelle Gutachten f\u00fcr KFZ aller Art, wie PKW, LKW, \u2026. betreffend <\/p>\n\n\n\n<ul><li>die Reparaturkosten und Instandsetzungskosten.<\/li><li>die Pr\u00fcfung der Verkehrs- und Betriebssicherheit.<\/li><li>den Wiederbeschaffungswert, den Marktwert und auch den Mindesterl\u00f6s.<\/li><li>den Wert, den Zustand, die M\u00e4ngel und die Verkehrs- und Betriebssicherheit.  <\/li><li>die NoVA-Bemessungsgrundlage.<\/li><li>die Sonderumbauten, deren Wert sowie deren sach- und fachgerechte Ausf\u00fchrung.<\/li><li>die merkantile Wertminderung.<\/li><li>den objektiven Wrackwert.<\/li><li>die Transportsch\u00e4den von KFZ.<br>\nAu\u00dferdem begleite ich Restaurierungen und dokumentiere sie. <br>\nGutachten zu Vertr\u00e4gen und zur Gruppenfreistellungsverordnung \u2013 GVO verfasse ich selbstverst\u00e4ndlich auch.<\/li><\/ul>\n\n\n\n<p><strong>F\u00fcr Staatsanw\u00e4lte<\/strong><br>Ich erstelle Gutachten f\u00fcr KFZ aller Art, wie PKW, LKW, \u2026. betreffend <\/p>\n\n\n\n<ul><li>die Reparaturkosten und Instandsetzungskosten.<\/li><li>die Pr\u00fcfung der Verkehrs- und Betriebssicherheit.<\/li><li>den Wiederbeschaffungswert, den Marktwert und auch den Mindesterl\u00f6s.<\/li><li>den Wert, den Zustand, die M\u00e4ngel und die Verkehrs- und Betriebssicherheit.  <\/li><li>die NoVA-Bemessungsgrundlage.<\/li><li>die Sonderumbauten, deren Wert sowie deren sach- und fachgerechte Ausf\u00fchrung.<\/li><li>die merkantile Wertminderung.<\/li><li>den objektiven Wrackwert.<\/li><li>die Transportsch\u00e4den von KFZ.<br> Au\u00dferdem begleite ich Restaurierungen und dokumentiere sie. <br> Gutachten zu Vertr\u00e4gen und zur Gruppenfreistellungsverordnung \u2013 GVO verfasse       ich selbstverst\u00e4ndlich auch.<\/li><\/ul>\n","protected":false},"excerpt":{"rendered":"<p>F\u00fcr LeasinggeberMeine Arbeit umfasst die Dokumentation des Fahrzeugzustandes laut \u00d6-Norm V5080, die Kalkulation von Wiederbeschaffungswert, Marktwert und H\u00e4ndlereinkaufswert. Von Fahrzeugen, welche unfallbesch\u00e4digt sind, erstelle ich die Kalkulation von Schadensh\u00f6hen und eventuell erforderlichen Wartungen. Auch die Investitionen vor einem Wiederverkauf und die erforderlichen Instandsetzungen werden ebenfalls dokumentiert. F\u00fcr NotareIch erstelle Bewertungen und Gutachten jeglicher Art von &hellip; <\/p>\n<p class=\"link-more\"><a href=\"https:\/\/www.begutachten.at\/?page_id=121\" class=\"more-link\"><span class=\"screen-reader-text\">\u201eLeistungen\u201c<\/span> weiterlesen<\/a><\/p>\n","protected":false},"author":1,"featured_media":881,"parent":0,"menu_order":0,"comment_status":"closed","ping_status":"closed","template":"","meta":[],"_links":{"self":[{"href":"https:\/\/www.begutachten.at\/index.php?rest_route=\/wp\/v2\/pages\/121"}],"collection":[{"href":"https:\/\/www.begutachten.at\/index.php?rest_route=\/wp\/v2\/pages"}],"about":[{"href":"https:\/\/www.begutachten.at\/index.php?rest_route=\/wp\/v2\/types\/page"}],"author":[{"embeddable":true,"href":"https:\/\/www.begutachten.at\/index.php?rest_route=\/wp\/v2\/users\/1"}],"replies":[{"embeddable":true,"href":"https:\/\/www.begutachten.at\/index.php?rest_route=%2Fwp%2Fv2%2Fcomments&post=121"}],"version-history":[{"count":2,"href":"https:\/\/www.begutachten.at\/index.php?rest_route=\/wp\/v2\/pages\/121\/revisions"}],"predecessor-version":[{"id":159,"href":"https:\/\/www.begutachten.at\/index.php?rest_route=\/wp\/v2\/pages\/121\/revisions\/159"}],"wp:featuredmedia":[{"embeddable":true,"href":"https:\/\/www.begutachten.at\/index.php?rest_route=\/wp\/v2\/media\/881"}],"wp:attachment":[{"href":"https:\/\/www.begutachten.at\/index.php?rest_route=%2Fwp%2Fv2%2Fmedia&parent=121"}],"curies":[{"name":"wp","href":"https:\/\/api.w.org\/{rel}","templated":true}]}}