{"id":733,"date":"2019-05-24T11:12:47","date_gmt":"2019-05-24T09:12:47","guid":{"rendered":"http:\/\/www.begutachten.at\/?page_id=733"},"modified":"2021-05-11T09:10:13","modified_gmt":"2021-05-11T07:10:13","slug":"impressum","status":"publish","type":"page","link":"https:\/\/www.begutachten.at\/?page_id=733","title":{"rendered":"Impressum"},"content":{"rendered":"\n<p><strong>Mobil: +43 664\/520 66 31<\/strong><\/p>\n\n\n\n<p><a href=\"mailto:c.baier@kabsi.at\">c.baier@kabsi.at<\/a><\/p>\n\n\n\n<p><br><\/p>\n\n\n\n<p>Wir bedanken uns bei dem offiziellen Fotografenteam von Ennstal-Classic &amp; Planai-Classic.<br>Fotografenteam: Martin Huber, Peter Meierhofer, Daniel Reinhard, Gepa-pictures, Ond\u0159ej Kroutil, Jan W\u00fcnsch<\/p>\n\n\n\n<p>Haftung f\u00fcr Links<br>Unser Angebot enth\u00e4lt Links zu externen Webseiten Dritter, auf deren Inhalte wir keinen Einfluss haben. Deshalb k\u00f6nnen wir f\u00fcr diese fremden Inhalte auch keine Gew\u00e4hr \u00fcbernehmen. F\u00fcr die Inhalte der verlinkten Seiten ist stets der jeweilige Anbieter oder Betreiber der Seiten verantwortlich. Die verlinkten Seiten wurden zum Zeitpunkt der Verlinkung auf m\u00f6gliche Rechtsverst\u00f6\u00dfe \u00fcberpr\u00fcft. Rechtswidrige Inhalte waren zum Zeitpunkt der Verlinkung nicht erkennbar. Eine permanente inhaltliche Kontrolle der verlinkten Seiten ist jedoch ohne konkrete Anhaltspunkte einer Rechtsverletzung nicht zumutbar. Bei bekannt werden von Rechtsverletzungen werden wir derartige Links umgehend entfernen.<\/p>\n\n\n\n<p><br><\/p>\n\n\n\n<p>Design und Kreativleistung:<br>Atelier C.F.J. K\u00f6nig, K\u00f6ck-Media GmbH<\/p>\n","protected":false},"excerpt":{"rendered":"<p>Mobil: +43 664\/520 66 31 c.baier@kabsi.at Wir bedanken uns bei dem offiziellen Fotografenteam von Ennstal-Classic &amp; Planai-Classic.Fotografenteam: Martin Huber, Peter Meierhofer, Daniel Reinhard, Gepa-pictures, Ond\u0159ej Kroutil, Jan W\u00fcnsch Haftung f\u00fcr LinksUnser Angebot enth\u00e4lt Links zu externen Webseiten Dritter, auf deren Inhalte wir keinen Einfluss haben. Deshalb k\u00f6nnen wir f\u00fcr diese fremden Inhalte auch keine Gew\u00e4hr &hellip; <\/p>\n<p class=\"link-more\"><a href=\"https:\/\/www.begutachten.at\/?page_id=733\" class=\"more-link\"><span class=\"screen-reader-text\">\u201eImpressum\u201c<\/span> weiterlesen<\/a><\/p>\n","protected":false},"author":1,"featured_media":0,"parent":0,"menu_order":0,"comment_status":"closed","ping_status":"closed","template":"","meta":[],"_links":{"self":[{"href":"https:\/\/www.begutachten.at\/index.php?rest_route=\/wp\/v2\/pages\/733"}],"collection":[{"href":"https:\/\/www.begutachten.at\/index.php?rest_route=\/wp\/v2\/pages"}],"about":[{"href":"https:\/\/www.begutachten.at\/index.php?rest_route=\/wp\/v2\/types\/page"}],"author":[{"embeddable":true,"href":"https:\/\/www.begutachten.at\/index.php?rest_route=\/wp\/v2\/users\/1"}],"replies":[{"embeddable":true,"href":"https:\/\/www.begutachten.at\/index.php?rest_route=%2Fwp%2Fv2%2Fcomments&post=733"}],"version-history":[{"count":9,"href":"https:\/\/www.begutachten.at\/index.php?rest_route=\/wp\/v2\/pages\/733\/revisions"}],"predecessor-version":[{"id":871,"href":"https:\/\/www.begutachten.at\/index.php?rest_route=\/wp\/v2\/pages\/733\/revisions\/871"}],"wp:attachment":[{"href":"https:\/\/www.begutachten.at\/index.php?rest_route=%2Fwp%2Fv2%2Fmedia&parent=733"}],"curies":[{"name":"wp","href":"https:\/\/api.w.org\/{rel}","templated":true}]}}